{"id":238,"date":"2024-06-05T17:39:40","date_gmt":"2024-06-05T15:39:40","guid":{"rendered":"http:\/\/localhost\/GS\/?page_id=238"},"modified":"2024-12-08T20:07:07","modified_gmt":"2024-12-08T19:07:07","slug":"publications","status":"publish","type":"page","link":"https:\/\/www.geostrategies.net\/en\/publications\/","title":{"rendered":"Plublications"},"content":{"rendered":"<div data-elementor-type=\"wp-page\" data-elementor-id=\"238\" class=\"elementor elementor-238\">\n\t\t\t\t<div class=\"elementor-element elementor-element-8843b88 e-flex e-con-boxed wpr-particle-no wpr-jarallax-no wpr-parallax-no wpr-sticky-section-no e-con e-parent\" data-id=\"8843b88\" data-element_type=\"container\" data-e-type=\"container\" data-settings=\"{&quot;background_background&quot;:&quot;classic&quot;}\">\n\t\t\t\t\t<div class=\"e-con-inner\">\n\t\t\t\t<div class=\"elementor-element elementor-element-fca2f7e elementor-widget elementor-widget-heading\" data-id=\"fca2f7e\" data-element_type=\"widget\" data-e-type=\"widget\" data-widget_type=\"heading.default\">\n\t\t\t\t<div class=\"elementor-widget-container\">\n\t\t\t\t\t<h2 class=\"elementor-heading-title elementor-size-default\">Plublications<\/h2>\t\t\t\t<\/div>\n\t\t\t\t<\/div>\n\t\t\t\t\t<\/div>\n\t\t\t\t<\/div>\n\t\t\t\t<section class=\"elementor-section elementor-top-section elementor-element elementor-element-3e64a39e elementor-section-content-middle elementor-section-boxed elementor-section-height-default elementor-section-height-default wpr-particle-no wpr-jarallax-no wpr-parallax-no wpr-sticky-section-no\" data-id=\"3e64a39e\" data-element_type=\"section\" data-e-type=\"section\" data-settings=\"{&quot;background_background&quot;:&quot;classic&quot;}\">\n\t\t\t\t\t\t\t<div class=\"elementor-background-overlay\"><\/div>\n\t\t\t\t\t\t\t<div class=\"elementor-container elementor-column-gap-default\">\n\t\t\t\t\t<div class=\"elementor-column elementor-col-50 elementor-top-column elementor-element elementor-element-789d69f7 elementor-invisible\" data-id=\"789d69f7\" data-element_type=\"column\" data-e-type=\"column\" data-settings=\"{&quot;background_background&quot;:&quot;classic&quot;,&quot;animation&quot;:&quot;fadeInLeft&quot;}\">\n\t\t\t<div class=\"elementor-widget-wrap elementor-element-populated\">\n\t\t\t\t\t<div class=\"elementor-background-overlay\"><\/div>\n\t\t\t\t\t\t<div class=\"elementor-element elementor-element-61bb5824 elementor-widget elementor-widget-image\" data-id=\"61bb5824\" data-element_type=\"widget\" data-e-type=\"widget\" data-widget_type=\"image.default\">\n\t\t\t\t<div class=\"elementor-widget-container\">\n\t\t\t\t\t\t\t\t\t\t\t\t\t\t\t<img decoding=\"async\" width=\"316\" height=\"119\" src=\"https:\/\/www.geostrategies.net\/wp-content\/uploads\/2024\/09\/Annotation-2022-07-19-183359.png\" class=\"attachment-full size-full wp-image-412\" alt=\"\" \/>\t\t\t\t\t\t\t\t\t\t\t\t\t\t\t<\/div>\n\t\t\t\t<\/div>\n\t\t\t\t<div class=\"elementor-element elementor-element-75e89b7c elementor-widget elementor-widget-heading\" data-id=\"75e89b7c\" data-element_type=\"widget\" data-e-type=\"widget\" data-widget_type=\"heading.default\">\n\t\t\t\t<div class=\"elementor-widget-container\">\n\t\t\t\t\t<h3 class=\"elementor-heading-title elementor-size-default\">Spatial strategies<\/h3>\t\t\t\t<\/div>\n\t\t\t\t<\/div>\n\t\t\t\t<div class=\"elementor-element elementor-element-58c952f1 elementor-widget elementor-widget-text-editor\" data-id=\"58c952f1\" data-element_type=\"widget\" data-e-type=\"widget\" data-widget_type=\"text-editor.default\">\n\t\t\t\t<div class=\"elementor-widget-container\">\n\t\t\t\t\t\t\t\t\t<p>The newsletter and journal *Strat\u00e9gies Spatiales* has two distinct aspects.<\/p><p>In its primary form, Strat\u00e9gies Spatiales takes the form of a newsletter\u2014that is, an informational publication that keeps readers informed about the activities of ongoing projects at G\u00e9ostrat\u00e9gies. Three newsletters have been published annually since 2019. Each newsletter covers a four-month period (a four-month term).<\/p><p>In its second aspect, *Strat\u00e9gies Spatiales* uniquely takes on the role of a scientific journal that examines the strategies of various actors and the evolution of phenomena of all kinds (political, socio-economic, environmental, urban, etc.) within a geographical context. These issues, labeled \u201cspecial editions,\u201d are published irregularly over the years.<\/p><p>Ultimately, the maps produced as part of projects carried out by G\u00e9ostrat\u00e9gies, as well as those featured in the special issues of Strat\u00e9gies Spatiales, make up the \u201cStrategic Maps\u201d section, which brings together all of our cartographic work.<\/p>\t\t\t\t\t\t\t\t<\/div>\n\t\t\t\t<\/div>\n\t\t\t\t<div class=\"elementor-element elementor-element-47bf699 elementor-widget elementor-widget-spacer\" data-id=\"47bf699\" data-element_type=\"widget\" data-e-type=\"widget\" data-widget_type=\"spacer.default\">\n\t\t\t\t<div class=\"elementor-widget-container\">\n\t\t\t\t\t\t\t<div class=\"elementor-spacer\">\n\t\t\t<div class=\"elementor-spacer-inner\"><\/div>\n\t\t<\/div>\n\t\t\t\t\t\t<\/div>\n\t\t\t\t<\/div>\n\t\t\t\t<div class=\"elementor-element elementor-element-af2eaff animated-fast elementor-align-left elementor-invisible elementor-widget elementor-widget-button\" data-id=\"af2eaff\" data-element_type=\"widget\" data-e-type=\"widget\" data-settings=\"{&quot;_animation&quot;:&quot;fadeIn&quot;}\" data-widget_type=\"button.default\">\n\t\t\t\t<div class=\"elementor-widget-container\">\n\t\t\t\t\t\t\t\t\t<div class=\"elementor-button-wrapper\">\n\t\t\t\t\t<a class=\"elementor-button elementor-button-link elementor-size-sm\" href=\"https:\/\/www.geostrategies.net\/en\/strategies-spatiales\/\">\n\t\t\t\t\t\t<span class=\"elementor-button-content-wrapper\">\n\t\t\t\t\t\t\t\t\t<span class=\"elementor-button-text\">ACCESS<\/span>\n\t\t\t\t\t<\/span>\n\t\t\t\t\t<\/a>\n\t\t\t\t<\/div>\n\t\t\t\t\t\t\t\t<\/div>\n\t\t\t\t<\/div>\n\t\t\t\t\t<\/div>\n\t\t<\/div>\n\t\t\t\t<div class=\"elementor-column elementor-col-50 elementor-top-column elementor-element elementor-element-317ec00a elementor-invisible\" data-id=\"317ec00a\" data-element_type=\"column\" data-e-type=\"column\" data-settings=\"{&quot;background_background&quot;:&quot;classic&quot;,&quot;animation&quot;:&quot;fadeInRight&quot;}\">\n\t\t\t<div class=\"elementor-widget-wrap elementor-element-populated\">\n\t\t\t\t\t<div class=\"elementor-background-overlay\"><\/div>\n\t\t\t\t\t\t<div class=\"elementor-element elementor-element-5f47922e elementor-widget elementor-widget-image\" data-id=\"5f47922e\" data-element_type=\"widget\" data-e-type=\"widget\" data-widget_type=\"image.default\">\n\t\t\t\t<div class=\"elementor-widget-container\">\n\t\t\t\t\t\t\t\t\t\t\t\t\t\t\t<img decoding=\"async\" width=\"309\" height=\"128\" src=\"https:\/\/www.geostrategies.net\/wp-content\/uploads\/2024\/09\/Annotation-2022-07-19-183444.png\" class=\"attachment-full size-full wp-image-413\" alt=\"\" \/>\t\t\t\t\t\t\t\t\t\t\t\t\t\t\t<\/div>\n\t\t\t\t<\/div>\n\t\t\t\t<div class=\"elementor-element elementor-element-186e2789 elementor-widget elementor-widget-heading\" data-id=\"186e2789\" data-element_type=\"widget\" data-e-type=\"widget\" data-widget_type=\"heading.default\">\n\t\t\t\t<div class=\"elementor-widget-container\">\n\t\t\t\t\t<h3 class=\"elementor-heading-title elementor-size-default\">Strategic maps<\/h3>\t\t\t\t<\/div>\n\t\t\t\t<\/div>\n\t\t\t\t<div class=\"elementor-element elementor-element-33320d6 elementor-widget elementor-widget-text-editor\" data-id=\"33320d6\" data-element_type=\"widget\" data-e-type=\"widget\" data-widget_type=\"text-editor.default\">\n\t\t\t\t<div class=\"elementor-widget-container\">\n\t\t\t\t\t\t\t\t\t<p>Strategic Maps come from two complementary sources.<\/p><p>First, they showcase the results and visual outputs of projects and activities carried out by G\u00e9ostrat\u00e9gies across various sectors (environment, urban planning, land-use planning, etc.). Second, they illustrate the work produced as part of the special issues of the journal Strat\u00e9gies Spatiales.<\/p><p>The strategic maps created for the special issues of the journal *Strat\u00e9gies Spatiales* address numerous pressing current issues in Cameroon, Africa, and around the world. They explore a variety of themes such as health, education, sports, the economy, migration, and more. They offer a perspective\u2014sometimes one that challenges conventional wisdom\u2014enabling policymakers to make more informed strategic decisions.<\/p><p>Ultimately, a map can often convey more than a thousand words when it comes to explaining a fact or a situation\u2014whether past, present, or future (simulation). It is this commitment to letting maps speak for themselves, beyond explanatory texts, that is the defining feature of the various cartographic analyses produced by the Geostrategies team.<\/p>\t\t\t\t\t\t\t\t<\/div>\n\t\t\t\t<\/div>\n\t\t\t\t<div class=\"elementor-element elementor-element-2ab2beb animated-fast elementor-align-left elementor-invisible elementor-widget elementor-widget-button\" data-id=\"2ab2beb\" data-element_type=\"widget\" data-e-type=\"widget\" data-settings=\"{&quot;_animation&quot;:&quot;fadeIn&quot;}\" data-widget_type=\"button.default\">\n\t\t\t\t<div class=\"elementor-widget-container\">\n\t\t\t\t\t\t\t\t\t<div class=\"elementor-button-wrapper\">\n\t\t\t\t\t<a class=\"elementor-button elementor-button-link elementor-size-sm\" href=\"https:\/\/www.geostrategies.net\/en\/cartes-strategiques\/\">\n\t\t\t\t\t\t<span class=\"elementor-button-content-wrapper\">\n\t\t\t\t\t\t\t\t\t<span class=\"elementor-button-text\">ACCESS<\/span>\n\t\t\t\t\t<\/span>\n\t\t\t\t\t<\/a>\n\t\t\t\t<\/div>\n\t\t\t\t\t\t\t\t<\/div>\n\t\t\t\t<\/div>\n\t\t\t\t\t<\/div>\n\t\t<\/div>\n\t\t\t\t\t<\/div>\n\t\t<\/section>\n\t\t\t\t<\/div>","protected":false},"excerpt":{"rendered":"<p>Publications Strategies spatiales La newsletter et revue Strat\u00e9gies Spatiales poss\u00e8de deux aspects diff\u00e9rents. Dans son premier aspect, Strat\u00e9gies Spatiales rev\u00eat le costume d\u2019une newsletter, c\u2019est-\u00e0-dire d\u2019un magazine d\u2019information qui est informe les lecteurs sur les activit\u00e9s des projets en cours au sein du cabinet G\u00e9ostrat\u00e9gies. Trois newsletters sont produites par an depuis 2019. Une newsletter couvre donc une p\u00e9riode de 4 mois calendaire (quadrimestre). Dans son second aspect, Strat\u00e9gies Spatiales porte de mani\u00e8re exceptionnelle le costume d\u2019une revue \u00e0 caract\u00e8re scientifique qui \u00e9tudie les strat\u00e9gies des acteurs et l\u2019\u00e9volution de ph\u00e9nom\u00e8nes de tout ordre (politiques, socio-\u00e9conomiques, environnementaux, urbains etc.) dans l\u2019espace g\u00e9ographique. Ces num\u00e9ros intitul\u00e9s \u00ab\u00a0hors-s\u00e9rie\u00a0\u00bb sont produits sans un pas de temps pr\u00e9d\u00e9fini au fil des ans. Au final, les cartes produites d\u2019une part au sein des projets r\u00e9alis\u00e9s par G\u00e9ostrat\u00e9gies, ainsi que celles r\u00e9alis\u00e9es dans les num\u00e9ros hors-s\u00e9ries de Strat\u00e9gies Spatiales, composent la rubrique Cartes Strat\u00e9giques qui r\u00e9pertorie l\u2019ensemble de nos travaux cartographiques. ACCEDER Cartes strat\u00e9giques Les Cartes Strat\u00e9giques proviennent de deux sources compl\u00e9mentaires. En premier lieu, elles repr\u00e9sentent les r\u00e9sultats et productions graphiques des projets et activit\u00e9s r\u00e9alis\u00e9s par G\u00e9ostrat\u00e9gies, dans divers secteurs d\u2019activit\u00e9s (environnement, urbanisme, am\u00e9nagement du territoire, etc.). En second lieu, elles illustrent les productions r\u00e9alis\u00e9es dans le cadre de la production des num\u00e9ros hors-s\u00e9ries de la revue Strat\u00e9gies Spatiales. Les cartes strat\u00e9giques r\u00e9alis\u00e9es pour les num\u00e9ros hors-s\u00e9ries de la revue Strat\u00e9gies Spatiales \u00e9voquent de nombreux sujets brulants d\u2019actualit\u00e9, au Cameroun, en Afrique et dans le monde. Elles s\u2019int\u00e9ressent \u00e0 des th\u00e9matiques vari\u00e9es telles que la sant\u00e9, l\u2019\u00e9ducation, le sport, l\u2019\u00e9conomie, les migrations etc. Elles permettent d\u2019avoir un regard, un angle de vue parfois d\u00e9cal\u00e9 par rapport \u00e0 des id\u00e9es re\u00e7ues permettant de mieux orienter des d\u00e9cisions strat\u00e9giques de la part des d\u00e9cideurs. Au final, la visualisation d\u2019une carte peut dans bien des cas remplacer des centaines mots pour expliquer un fait, une situation pass\u00e9e, pr\u00e9sente ou \u00e0 venir (simulation). C\u2019est cette vocation \u00e0 vouloir faire parler les cartes au-del\u00e0 des textes explicatifs qui ressort essentiellement des diff\u00e9rentes analyses cartographiques produites par l\u2019\u00e9quipe G\u00e9ostrat\u00e9gies. ACCEDER<\/p>","protected":false},"author":1,"featured_media":0,"parent":0,"menu_order":0,"comment_status":"closed","ping_status":"closed","template":"","meta":{"_exactmetrics_skip_tracking":false,"_exactmetrics_sitenote_active":false,"_exactmetrics_sitenote_note":"","_exactmetrics_sitenote_category":0,"_kadence_starter_templates_imported_post":false,"_kad_post_transparent":"","_kad_post_title":"hide","_kad_post_layout":"fullwidth","_kad_post_sidebar_id":"","_kad_post_content_style":"unboxed","_kad_post_vertical_padding":"hide","_kad_post_feature":"hide","_kad_post_feature_position":"","_kad_post_header":false,"_kad_post_footer":false,"footnotes":""},"class_list":["post-238","page","type-page","status-publish","hentry"],"yoast_head":"<!-- This site is optimized with the Yoast SEO plugin v27.2 - https:\/\/yoast.com\/product\/yoast-seo-wordpress\/ -->\n<title>Publications -<\/title>\n<meta name=\"description\" content=\"Nos publications vous aide \u00e0 visualiser et interpr\u00e9ter des donn\u00e9es g\u00e9ospatiales sur des sujets d&#039;actualit\u00e9 au Cameroun et dans le monde.&quot;\" \/>\n<meta name=\"robots\" content=\"index, follow, max-snippet:-1, max-image-preview:large, max-video-preview:-1\" \/>\n<link rel=\"canonical\" href=\"https:\/\/www.geostrategies.net\/en\/publications\/\" \/>\n<meta property=\"og:locale\" content=\"en_GB\" \/>\n<meta property=\"og:type\" content=\"article\" \/>\n<meta property=\"og:title\" content=\"Publications -\" \/>\n<meta property=\"og:description\" content=\"Nos publications vous aide \u00e0 visualiser et interpr\u00e9ter des donn\u00e9es g\u00e9ospatiales sur des sujets d&#039;actualit\u00e9 au Cameroun et dans le monde.&quot;\" \/>\n<meta property=\"og:url\" content=\"https:\/\/www.geostrategies.net\/en\/publications\/\" \/>\n<meta property=\"article:publisher\" content=\"https:\/\/www.facebook.com\/Geomatic-Strategy-334825570488068\/\" \/>\n<meta property=\"article:modified_time\" content=\"2024-12-08T19:07:07+00:00\" \/>\n<meta property=\"og:image\" content=\"https:\/\/www.geostrategies.net\/wp-content\/uploads\/2024\/09\/Annotation-2022-07-19-183359.png\" \/>\n<meta name=\"twitter:card\" content=\"summary_large_image\" \/>\n<meta name=\"twitter:site\" content=\"@Geomaticstrate\" \/>\n<meta name=\"twitter:label1\" content=\"Estimated reading time\" \/>\n\t<meta name=\"twitter:data1\" content=\"3 minutes\" \/>\n<script type=\"application\/ld+json\" class=\"yoast-schema-graph\">{\"@context\":\"https:\/\/schema.org\",\"@graph\":[{\"@type\":\"WebPage\",\"@id\":\"https:\/\/www.geostrategies.net\/publications\/\",\"url\":\"https:\/\/www.geostrategies.net\/publications\/\",\"name\":\"Publications -\",\"isPartOf\":{\"@id\":\"https:\/\/www.geostrategies.net\/#website\"},\"primaryImageOfPage\":{\"@id\":\"https:\/\/www.geostrategies.net\/publications\/#primaryimage\"},\"image\":{\"@id\":\"https:\/\/www.geostrategies.net\/publications\/#primaryimage\"},\"thumbnailUrl\":\"https:\/\/www.geostrategies.net\/wp-content\/uploads\/2024\/09\/Annotation-2022-07-19-183359.png\",\"datePublished\":\"2024-06-05T15:39:40+00:00\",\"dateModified\":\"2024-12-08T19:07:07+00:00\",\"description\":\"Nos publications vous aide \u00e0 visualiser et interpr\u00e9ter des donn\u00e9es g\u00e9ospatiales sur des sujets d'actualit\u00e9 au Cameroun et dans le monde.\\\"\",\"breadcrumb\":{\"@id\":\"https:\/\/www.geostrategies.net\/publications\/#breadcrumb\"},\"inLanguage\":\"en-GB\",\"potentialAction\":[{\"@type\":\"ReadAction\",\"target\":[\"https:\/\/www.geostrategies.net\/publications\/\"]}]},{\"@type\":\"ImageObject\",\"inLanguage\":\"en-GB\",\"@id\":\"https:\/\/www.geostrategies.net\/publications\/#primaryimage\",\"url\":\"https:\/\/www.geostrategies.net\/wp-content\/uploads\/2024\/09\/Annotation-2022-07-19-183359.png\",\"contentUrl\":\"https:\/\/www.geostrategies.net\/wp-content\/uploads\/2024\/09\/Annotation-2022-07-19-183359.png\"},{\"@type\":\"BreadcrumbList\",\"@id\":\"https:\/\/www.geostrategies.net\/publications\/#breadcrumb\",\"itemListElement\":[{\"@type\":\"ListItem\",\"position\":1,\"name\":\"Accueil\",\"item\":\"https:\/\/www.geostrategies.net\/\"},{\"@type\":\"ListItem\",\"position\":2,\"name\":\"Publications\"}]},{\"@type\":\"WebSite\",\"@id\":\"https:\/\/www.geostrategies.net\/#website\",\"url\":\"https:\/\/www.geostrategies.net\/\",\"name\":\"G\u00e9ostrat\u00e9gies\",\"description\":\"\",\"publisher\":{\"@id\":\"https:\/\/www.geostrategies.net\/#organization\"},\"potentialAction\":[{\"@type\":\"SearchAction\",\"target\":{\"@type\":\"EntryPoint\",\"urlTemplate\":\"https:\/\/www.geostrategies.net\/?s={search_term_string}\"},\"query-input\":{\"@type\":\"PropertyValueSpecification\",\"valueRequired\":true,\"valueName\":\"search_term_string\"}}],\"inLanguage\":\"en-GB\"},{\"@type\":\"Organization\",\"@id\":\"https:\/\/www.geostrategies.net\/#organization\",\"name\":\"G\u00e9ostrat\u00e9gies\",\"url\":\"https:\/\/www.geostrategies.net\/\",\"logo\":{\"@type\":\"ImageObject\",\"inLanguage\":\"en-GB\",\"@id\":\"https:\/\/www.geostrategies.net\/#\/schema\/logo\/image\/\",\"url\":\"https:\/\/www.geostrategies.net\/wp-content\/uploads\/2024\/06\/photo_2024-06-06_11-48-23.jpg\",\"contentUrl\":\"https:\/\/www.geostrategies.net\/wp-content\/uploads\/2024\/06\/photo_2024-06-06_11-48-23.jpg\",\"width\":420,\"height\":161,\"caption\":\"G\u00e9ostrat\u00e9gies\"},\"image\":{\"@id\":\"https:\/\/www.geostrategies.net\/#\/schema\/logo\/image\/\"},\"sameAs\":[\"https:\/\/www.facebook.com\/Geomatic-Strategy-334825570488068\/\",\"https:\/\/x.com\/Geomaticstrate\",\"https:\/\/www.linkedin.com\/company\/geosmatic-strategy\"]}]}<\/script>\n<!-- \/ Yoast SEO plugin. -->","yoast_head_json":{"title":"Publications -","description":"Nos publications vous aide \u00e0 visualiser et interpr\u00e9ter des donn\u00e9es g\u00e9ospatiales sur des sujets d'actualit\u00e9 au Cameroun et dans le monde.\"","robots":{"index":"index","follow":"follow","max-snippet":"max-snippet:-1","max-image-preview":"max-image-preview:large","max-video-preview":"max-video-preview:-1"},"canonical":"https:\/\/www.geostrategies.net\/en\/publications\/","og_locale":"en_GB","og_type":"article","og_title":"Publications -","og_description":"Nos publications vous aide \u00e0 visualiser et interpr\u00e9ter des donn\u00e9es g\u00e9ospatiales sur des sujets d'actualit\u00e9 au Cameroun et dans le monde.\"","og_url":"https:\/\/www.geostrategies.net\/en\/publications\/","article_publisher":"https:\/\/www.facebook.com\/Geomatic-Strategy-334825570488068\/","article_modified_time":"2024-12-08T19:07:07+00:00","og_image":[{"url":"https:\/\/www.geostrategies.net\/wp-content\/uploads\/2024\/09\/Annotation-2022-07-19-183359.png","type":"","width":"","height":""}],"twitter_card":"summary_large_image","twitter_site":"@Geomaticstrate","twitter_misc":{"Estimated reading time":"3 minutes"},"schema":{"@context":"https:\/\/schema.org","@graph":[{"@type":"WebPage","@id":"https:\/\/www.geostrategies.net\/publications\/","url":"https:\/\/www.geostrategies.net\/publications\/","name":"Publications -","isPartOf":{"@id":"https:\/\/www.geostrategies.net\/#website"},"primaryImageOfPage":{"@id":"https:\/\/www.geostrategies.net\/publications\/#primaryimage"},"image":{"@id":"https:\/\/www.geostrategies.net\/publications\/#primaryimage"},"thumbnailUrl":"https:\/\/www.geostrategies.net\/wp-content\/uploads\/2024\/09\/Annotation-2022-07-19-183359.png","datePublished":"2024-06-05T15:39:40+00:00","dateModified":"2024-12-08T19:07:07+00:00","description":"Nos publications vous aide \u00e0 visualiser et interpr\u00e9ter des donn\u00e9es g\u00e9ospatiales sur des sujets d'actualit\u00e9 au Cameroun et dans le monde.\"","breadcrumb":{"@id":"https:\/\/www.geostrategies.net\/publications\/#breadcrumb"},"inLanguage":"en-GB","potentialAction":[{"@type":"ReadAction","target":["https:\/\/www.geostrategies.net\/publications\/"]}]},{"@type":"ImageObject","inLanguage":"en-GB","@id":"https:\/\/www.geostrategies.net\/publications\/#primaryimage","url":"https:\/\/www.geostrategies.net\/wp-content\/uploads\/2024\/09\/Annotation-2022-07-19-183359.png","contentUrl":"https:\/\/www.geostrategies.net\/wp-content\/uploads\/2024\/09\/Annotation-2022-07-19-183359.png"},{"@type":"BreadcrumbList","@id":"https:\/\/www.geostrategies.net\/publications\/#breadcrumb","itemListElement":[{"@type":"ListItem","position":1,"name":"Accueil","item":"https:\/\/www.geostrategies.net\/"},{"@type":"ListItem","position":2,"name":"Publications"}]},{"@type":"WebSite","@id":"https:\/\/www.geostrategies.net\/#website","url":"https:\/\/www.geostrategies.net\/","name":"G\u00e9ostrat\u00e9gies","description":"","publisher":{"@id":"https:\/\/www.geostrategies.net\/#organization"},"potentialAction":[{"@type":"SearchAction","target":{"@type":"EntryPoint","urlTemplate":"https:\/\/www.geostrategies.net\/?s={search_term_string}"},"query-input":{"@type":"PropertyValueSpecification","valueRequired":true,"valueName":"search_term_string"}}],"inLanguage":"en-GB"},{"@type":"Organization","@id":"https:\/\/www.geostrategies.net\/#organization","name":"G\u00e9ostrat\u00e9gies","url":"https:\/\/www.geostrategies.net\/","logo":{"@type":"ImageObject","inLanguage":"en-GB","@id":"https:\/\/www.geostrategies.net\/#\/schema\/logo\/image\/","url":"https:\/\/www.geostrategies.net\/wp-content\/uploads\/2024\/06\/photo_2024-06-06_11-48-23.jpg","contentUrl":"https:\/\/www.geostrategies.net\/wp-content\/uploads\/2024\/06\/photo_2024-06-06_11-48-23.jpg","width":420,"height":161,"caption":"G\u00e9ostrat\u00e9gies"},"image":{"@id":"https:\/\/www.geostrategies.net\/#\/schema\/logo\/image\/"},"sameAs":["https:\/\/www.facebook.com\/Geomatic-Strategy-334825570488068\/","https:\/\/x.com\/Geomaticstrate","https:\/\/www.linkedin.com\/company\/geosmatic-strategy"]}]}},"_links":{"self":[{"href":"https:\/\/www.geostrategies.net\/en\/wp-json\/wp\/v2\/pages\/238","targetHints":{"allow":["GET"]}}],"collection":[{"href":"https:\/\/www.geostrategies.net\/en\/wp-json\/wp\/v2\/pages"}],"about":[{"href":"https:\/\/www.geostrategies.net\/en\/wp-json\/wp\/v2\/types\/page"}],"author":[{"embeddable":true,"href":"https:\/\/www.geostrategies.net\/en\/wp-json\/wp\/v2\/users\/1"}],"replies":[{"embeddable":true,"href":"https:\/\/www.geostrategies.net\/en\/wp-json\/wp\/v2\/comments?post=238"}],"version-history":[{"count":41,"href":"https:\/\/www.geostrategies.net\/en\/wp-json\/wp\/v2\/pages\/238\/revisions"}],"predecessor-version":[{"id":1841,"href":"https:\/\/www.geostrategies.net\/en\/wp-json\/wp\/v2\/pages\/238\/revisions\/1841"}],"wp:attachment":[{"href":"https:\/\/www.geostrategies.net\/en\/wp-json\/wp\/v2\/media?parent=238"}],"curies":[{"name":"wp","href":"https:\/\/api.w.org\/{rel}","templated":true}]}}